{"id":613,"date":"2019-02-12T09:16:59","date_gmt":"2019-02-12T09:16:59","guid":{"rendered":"http:\/\/concerned-coyote.w5.wpsandbox.pro\/?page_id=613"},"modified":"2026-03-03T11:55:24","modified_gmt":"2026-03-03T11:55:24","slug":"about","status":"publish","type":"page","link":"http:\/\/erofisioterapiayprevencion.es\/?page_id=613","title":{"rendered":"Horario Actividades"},"content":{"rendered":"\t\t<div data-elementor-type=\"wp-post\" data-elementor-id=\"613\" class=\"elementor elementor-613\" data-elementor-settings=\"[]\">\n\t\t\t\t\t\t<div class=\"elementor-inner\">\n\t\t\t\t\t\t\t<div class=\"elementor-section-wrap\">\n\t\t\t\t\t\t\t<section class=\"elementor-section elementor-top-section elementor-element elementor-element-a85e603 elementor-section-boxed elementor-section-height-default elementor-section-height-default\" data-id=\"a85e603\" data-element_type=\"section\">\n\t\t\t\t\t\t<div class=\"elementor-container elementor-column-gap-default\">\n\t\t\t\t\t\t\t<div class=\"elementor-row\">\n\t\t\t\t\t<div class=\"elementor-column elementor-col-100 elementor-top-column elementor-element elementor-element-00e2294\" data-id=\"00e2294\" data-element_type=\"column\">\n\t\t\t<div class=\"elementor-column-wrap elementor-element-populated\">\n\t\t\t\t\t\t\t<div class=\"elementor-widget-wrap\">\n\t\t\t\t\t\t<div class=\"elementor-element elementor-element-83a4968 elementor-widget elementor-widget-spacer\" data-id=\"83a4968\" data-element_type=\"widget\" data-widget_type=\"spacer.default\">\n\t\t\t\t<div class=\"elementor-widget-container\">\n\t\t\t\t\t<div class=\"elementor-spacer\">\n\t\t\t<div class=\"elementor-spacer-inner\"><\/div>\n\t\t<\/div>\n\t\t\t\t<\/div>\n\t\t\t\t<\/div>\n\t\t\t\t<div class=\"elementor-element elementor-element-f9474de elementor-widget elementor-widget-heading\" data-id=\"f9474de\" data-element_type=\"widget\" data-widget_type=\"heading.default\">\n\t\t\t\t<div class=\"elementor-widget-container\">\n\t\t\t<h2 class=\"elementor-heading-title elementor-size-medium\">NUESTRAS ACTIVIDADES<\/h2>\t\t<\/div>\n\t\t\t\t<\/div>\n\t\t\t\t<section class=\"elementor-section elementor-inner-section elementor-element elementor-element-f891db7 elementor-section-boxed elementor-section-height-default elementor-section-height-default\" data-id=\"f891db7\" data-element_type=\"section\">\n\t\t\t\t\t\t<div class=\"elementor-container elementor-column-gap-default\">\n\t\t\t\t\t\t\t<div class=\"elementor-row\">\n\t\t\t\t\t<div class=\"elementor-column elementor-col-50 elementor-inner-column elementor-element elementor-element-cd4f5bc\" data-id=\"cd4f5bc\" data-element_type=\"column\">\n\t\t\t<div class=\"elementor-column-wrap elementor-element-populated\">\n\t\t\t\t\t\t\t<div class=\"elementor-widget-wrap\">\n\t\t\t\t\t\t<div class=\"elementor-element elementor-element-e15b17b elementor-widget elementor-widget-text-editor\" data-id=\"e15b17b\" data-element_type=\"widget\" data-widget_type=\"text-editor.default\">\n\t\t\t\t<div class=\"elementor-widget-container\">\n\t\t\t\t\t<div class=\"elementor-text-editor elementor-clearfix\"><ul style=\"caret-color: #000000; color: #000000;\"><li>Pilates suelo<\/li><li>Pilates m\u00e1quina<\/li><li>Pilates a\u00e9reo<\/li><li>Yoga<\/li><li>Movilidad y Estiramientos (MYE)<\/li><\/ul><\/div>\n\t\t\t\t<\/div>\n\t\t\t\t<\/div>\n\t\t\t\t\t\t<\/div>\n\t\t\t\t\t<\/div>\n\t\t<\/div>\n\t\t\t\t<div class=\"elementor-column elementor-col-50 elementor-inner-column elementor-element elementor-element-1c06b4c\" data-id=\"1c06b4c\" data-element_type=\"column\">\n\t\t\t<div class=\"elementor-column-wrap elementor-element-populated\">\n\t\t\t\t\t\t\t<div class=\"elementor-widget-wrap\">\n\t\t\t\t\t\t<div class=\"elementor-element elementor-element-e9aae8a elementor-widget elementor-widget-text-editor\" data-id=\"e9aae8a\" data-element_type=\"widget\" data-widget_type=\"text-editor.default\">\n\t\t\t\t<div class=\"elementor-widget-container\">\n\t\t\t\t\t<div class=\"elementor-text-editor elementor-clearfix\"><ul style=\"caret-color: #000000; color: #000000;\"><li>Hipopresivos<\/li><li>Circuito funcional y C<span style=\"font-family: var( --e-global-typography-text-font-family ), Sans-serif;\">ircuito funcional senior<\/span><\/li><li>HIIT<\/li><li>LesMills BodyBalance<\/li><\/ul><\/div>\n\t\t\t\t<\/div>\n\t\t\t\t<\/div>\n\t\t\t\t\t\t<\/div>\n\t\t\t\t\t<\/div>\n\t\t<\/div>\n\t\t\t\t\t\t\t\t<\/div>\n\t\t\t\t\t<\/div>\n\t\t<\/section>\n\t\t\t\t<div class=\"elementor-element elementor-element-8422ebb elementor-widget elementor-widget-text-editor\" data-id=\"8422ebb\" data-element_type=\"widget\" data-widget_type=\"text-editor.default\">\n\t\t\t\t<div class=\"elementor-widget-container\">\n\t\t\t\t\t<div class=\"elementor-text-editor elementor-clearfix\"><p style=\"caret-color: #000000; color: #000000; font-style: normal;\">\u00a0 \u00a0Si te interesa participar en nuestras actividades y a\u00fan no sabes si tu horario te lo permitir\u00e1, te dejamos a continuaci\u00f3n nuestro horario semanal de clases para que puedas empezar a organizarte \u263a\ufe0f<\/p><\/div>\n\t\t\t\t<\/div>\n\t\t\t\t<\/div>\n\t\t\t\t<div class=\"elementor-element elementor-element-c19346d elementor-widget elementor-widget-image\" data-id=\"c19346d\" data-element_type=\"widget\" data-widget_type=\"image.default\">\n\t\t\t\t<div class=\"elementor-widget-container\">\n\t\t\t\t\t<div class=\"elementor-image\">\n\t\t\t\t\t\t\t\t\t\t<img width=\"812\" height=\"574\" src=\"http:\/\/erofisioterapiayprevencion.es\/wp-content\/uploads\/2026\/03\/Horario-marzo-2026-2-1024x724.png\" class=\"attachment-large size-large\" alt=\"\" loading=\"lazy\" srcset=\"http:\/\/erofisioterapiayprevencion.es\/wp-content\/uploads\/2026\/03\/Horario-marzo-2026-2-1024x724.png 1024w, http:\/\/erofisioterapiayprevencion.es\/wp-content\/uploads\/2026\/03\/Horario-marzo-2026-2-300x212.png 300w, http:\/\/erofisioterapiayprevencion.es\/wp-content\/uploads\/2026\/03\/Horario-marzo-2026-2-768x543.png 768w, http:\/\/erofisioterapiayprevencion.es\/wp-content\/uploads\/2026\/03\/Horario-marzo-2026-2-1536x1086.png 1536w, http:\/\/erofisioterapiayprevencion.es\/wp-content\/uploads\/2026\/03\/Horario-marzo-2026-2-2048x1448.png 2048w\" sizes=\"(max-width: 812px) 100vw, 812px\" \/>\t\t\t\t\t\t\t\t\t\t\t<\/div>\n\t\t\t\t<\/div>\n\t\t\t\t<\/div>\n\t\t\t\t\t\t<\/div>\n\t\t\t\t\t<\/div>\n\t\t<\/div>\n\t\t\t\t\t\t\t\t<\/div>\n\t\t\t\t\t<\/div>\n\t\t<\/section>\n\t\t\t\t\t\t<\/div>\n\t\t\t\t\t\t<\/div>\n\t\t\t\t\t<\/div>\n\t\t","protected":false},"excerpt":{"rendered":"<p>NUESTRAS ACTIVIDADES Pilates suelo Pilates m\u00e1quina Pilates a\u00e9reo Yoga Movilidad y Estiramientos (MYE) Hipopresivos Circuito funcional y Circuito funcional senior HIIT LesMills BodyBalance \u00a0 \u00a0Si te interesa participar en nuestras actividades y a\u00fan no sabes si tu horario te lo permitir\u00e1, te dejamos a continuaci\u00f3n nuestro horario semanal de clases para que puedas empezar a [&hellip;]<\/p>\n","protected":false},"author":1,"featured_media":0,"parent":0,"menu_order":0,"comment_status":"closed","ping_status":"closed","template":"elementor_header_footer","meta":[],"_links":{"self":[{"href":"http:\/\/erofisioterapiayprevencion.es\/index.php?rest_route=\/wp\/v2\/pages\/613"}],"collection":[{"href":"http:\/\/erofisioterapiayprevencion.es\/index.php?rest_route=\/wp\/v2\/pages"}],"about":[{"href":"http:\/\/erofisioterapiayprevencion.es\/index.php?rest_route=\/wp\/v2\/types\/page"}],"author":[{"embeddable":true,"href":"http:\/\/erofisioterapiayprevencion.es\/index.php?rest_route=\/wp\/v2\/users\/1"}],"replies":[{"embeddable":true,"href":"http:\/\/erofisioterapiayprevencion.es\/index.php?rest_route=%2Fwp%2Fv2%2Fcomments&post=613"}],"version-history":[{"count":110,"href":"http:\/\/erofisioterapiayprevencion.es\/index.php?rest_route=\/wp\/v2\/pages\/613\/revisions"}],"predecessor-version":[{"id":2646,"href":"http:\/\/erofisioterapiayprevencion.es\/index.php?rest_route=\/wp\/v2\/pages\/613\/revisions\/2646"}],"wp:attachment":[{"href":"http:\/\/erofisioterapiayprevencion.es\/index.php?rest_route=%2Fwp%2Fv2%2Fmedia&parent=613"}],"curies":[{"name":"wp","href":"https:\/\/api.w.org\/{rel}","templated":true}]}}