{"id":2202,"date":"2024-09-12T08:35:47","date_gmt":"2024-09-12T08:35:47","guid":{"rendered":"http:\/\/erofisioterapiayprevencion.es\/?page_id=2202"},"modified":"2025-02-12T13:31:09","modified_gmt":"2025-02-12T13:31:09","slug":"prevencion","status":"publish","type":"page","link":"http:\/\/erofisioterapiayprevencion.es\/?page_id=2202","title":{"rendered":"Prevenci\u00f3n"},"content":{"rendered":"\t\t<div data-elementor-type=\"wp-page\" data-elementor-id=\"2202\" class=\"elementor elementor-2202\" data-elementor-settings=\"[]\">\n\t\t\t\t\t\t<div class=\"elementor-inner\">\n\t\t\t\t\t\t\t<div class=\"elementor-section-wrap\">\n\t\t\t\t\t\t\t<section class=\"elementor-section elementor-top-section elementor-element elementor-element-5317b90c elementor-section-boxed elementor-section-height-default elementor-section-height-default\" data-id=\"5317b90c\" data-element_type=\"section\">\n\t\t\t\t\t\t<div class=\"elementor-container elementor-column-gap-default\">\n\t\t\t\t\t\t\t<div class=\"elementor-row\">\n\t\t\t\t\t<div class=\"elementor-column elementor-col-100 elementor-top-column elementor-element elementor-element-30a4a24a\" data-id=\"30a4a24a\" data-element_type=\"column\">\n\t\t\t<div class=\"elementor-column-wrap elementor-element-populated\">\n\t\t\t\t\t\t\t<div class=\"elementor-widget-wrap\">\n\t\t\t\t\t\t<div class=\"elementor-element elementor-element-792a78dd elementor-widget elementor-widget-text-editor\" data-id=\"792a78dd\" data-element_type=\"widget\" data-widget_type=\"text-editor.default\">\n\t\t\t\t<div class=\"elementor-widget-container\">\n\t\t\t\t\t<div class=\"elementor-text-editor elementor-clearfix\"><!-- wp:paragraph -->\n<p>En nuestro centro de fisioterapia, creemos que la prevenci\u00f3n es fundamental para mantener una vida saludable y evitar lesiones. La actividad f\u00edsica, cuando se realiza de manera controlada y personalizada, juega un papel crucial en la prevenci\u00f3n de problemas musculoesquel\u00e9ticos y degenerativos. Por eso, ofrecemos actividades en\u00a0<strong>grupos reducidos<\/strong>, donde la atenci\u00f3n personalizada y el seguimiento constante permiten maximizar los beneficios y minimizar los riesgos.<\/p>\n<!-- \/wp:paragraph --><!-- wp:quote -->\n<blockquote class=\"wp-block-quote\">\n<p>\u00ab<strong><em>La musica es para el alma, lo que el movimiento es para el cuerpo.<\/em><\/strong>\u00bb -Plat\u00f3n<\/p>\n<\/blockquote>\n<!-- \/wp:quote --><!-- wp:image {\"id\":2030,\"sizeSlug\":\"large\",\"linkDestination\":\"none\"} -->\n<figure class=\"wp-block-image size-large\"><img loading=\"lazy\" width=\"684\" height=\"1024\" class=\"wp-image-2030\" src=\"http:\/\/erofisioterapiayprevencion.es\/wp-content\/uploads\/2024\/09\/DSC05818-684x1024.jpg\" alt=\"\" srcset=\"http:\/\/erofisioterapiayprevencion.es\/wp-content\/uploads\/2024\/09\/DSC05818-684x1024.jpg 684w, http:\/\/erofisioterapiayprevencion.es\/wp-content\/uploads\/2024\/09\/DSC05818-200x300.jpg 200w, http:\/\/erofisioterapiayprevencion.es\/wp-content\/uploads\/2024\/09\/DSC05818-768x1150.jpg 768w, http:\/\/erofisioterapiayprevencion.es\/wp-content\/uploads\/2024\/09\/DSC05818-1026x1536.jpg 1026w, http:\/\/erofisioterapiayprevencion.es\/wp-content\/uploads\/2024\/09\/DSC05818-1368x2048.jpg 1368w, http:\/\/erofisioterapiayprevencion.es\/wp-content\/uploads\/2024\/09\/DSC05818-scaled.jpg 1710w\" sizes=\"(max-width: 684px) 100vw, 684px\" \/><\/figure>\n<!-- \/wp:image --><!-- wp:paragraph -->\n<p>Disciplinas como\u00a0<strong>yoga, pilates, mindfulness, bodybalance, core<\/strong>\u00a0y\u00a0<strong>circuito funcional<\/strong>\u00a0no solo mejoran la flexibilidad, fuerza y postura, sino que tambi\u00e9n ayudan a equilibrar el cuerpo y la mente. Estas pr\u00e1cticas se centran en el fortalecimiento de los m\u00fasculos estabilizadores, la mejora de la coordinaci\u00f3n, y el desarrollo de la consciencia corporal, lo que resulta en una mayor protecci\u00f3n frente a lesiones y el deterioro f\u00edsico con el paso del tiempo.<\/p>\n<!-- \/wp:paragraph --><!-- wp:paragraph -->\n<p>Al trabajar en grupos peque\u00f1os, nuestros profesionales pueden guiarte de manera precisa, ajustando cada ejercicio a tus necesidades y capacidades, asegurando que cada movimiento se realice de forma correcta y segura, potenciando as\u00ed la efectividad preventiva de cada sesi\u00f3n.<\/p>\n<!-- \/wp:paragraph --><\/div>\n\t\t\t\t<\/div>\n\t\t\t\t<\/div>\n\t\t\t\t<div class=\"elementor-element elementor-element-06472ba elementor-align-center elementor-widget elementor-widget-button\" data-id=\"06472ba\" data-element_type=\"widget\" data-widget_type=\"button.default\">\n\t\t\t\t<div class=\"elementor-widget-container\">\n\t\t\t\t\t<div class=\"elementor-button-wrapper\">\n\t\t\t<a href=\"http:\/\/erofisioterapiayprevencion.es\/?page_id=613\" class=\"elementor-button-link elementor-button elementor-size-sm\" role=\"button\">\n\t\t\t\t\t\t<span class=\"elementor-button-content-wrapper\">\n\t\t\t\t\t\t<span class=\"elementor-button-text\">HORARIO DE ACTIVIDADES<\/span>\n\t\t<\/span>\n\t\t\t\t\t<\/a>\n\t\t<\/div>\n\t\t\t\t<\/div>\n\t\t\t\t<\/div>\n\t\t\t\t\t\t<\/div>\n\t\t\t\t\t<\/div>\n\t\t<\/div>\n\t\t\t\t\t\t\t\t<\/div>\n\t\t\t\t\t<\/div>\n\t\t<\/section>\n\t\t\t\t<section class=\"elementor-section elementor-top-section elementor-element elementor-element-a2fc994 elementor-section-boxed elementor-section-height-default elementor-section-height-default\" data-id=\"a2fc994\" data-element_type=\"section\">\n\t\t\t\t\t\t<div class=\"elementor-container elementor-column-gap-default\">\n\t\t\t\t\t\t\t<div class=\"elementor-row\">\n\t\t\t\t\t<div class=\"elementor-column elementor-col-33 elementor-top-column elementor-element elementor-element-760e9e3\" data-id=\"760e9e3\" data-element_type=\"column\">\n\t\t\t<div class=\"elementor-column-wrap elementor-element-populated\">\n\t\t\t\t\t\t\t<div class=\"elementor-widget-wrap\">\n\t\t\t\t\t\t<div class=\"elementor-element elementor-element-1796520 elementor-widget elementor-widget-image\" data-id=\"1796520\" data-element_type=\"widget\" data-widget_type=\"image.default\">\n\t\t\t\t<div class=\"elementor-widget-container\">\n\t\t\t\t\t<div class=\"elementor-image\">\n\t\t\t\t\t\t\t\t\t\t<img src=\"http:\/\/erofisioterapiayprevencion.es\/wp-content\/uploads\/elementor\/thumbs\/DSC06100-scaled-qty97nkyeyt6pax7ysxs3tb48kmay2sg43cr6f623c.jpg\" title=\"DSC06100\" alt=\"DSC06100\" \/>\t\t\t\t\t\t\t\t\t\t\t<\/div>\n\t\t\t\t<\/div>\n\t\t\t\t<\/div>\n\t\t\t\t\t\t<\/div>\n\t\t\t\t\t<\/div>\n\t\t<\/div>\n\t\t\t\t<div class=\"elementor-column elementor-col-33 elementor-top-column elementor-element elementor-element-344791e\" data-id=\"344791e\" data-element_type=\"column\">\n\t\t\t<div class=\"elementor-column-wrap elementor-element-populated\">\n\t\t\t\t\t\t\t<div class=\"elementor-widget-wrap\">\n\t\t\t\t\t\t<div class=\"elementor-element elementor-element-b7a0fbc elementor-widget elementor-widget-image\" data-id=\"b7a0fbc\" data-element_type=\"widget\" data-widget_type=\"image.default\">\n\t\t\t\t<div class=\"elementor-widget-container\">\n\t\t\t\t\t<div class=\"elementor-image\">\n\t\t\t\t\t\t\t\t\t\t<img src=\"http:\/\/erofisioterapiayprevencion.es\/wp-content\/uploads\/elementor\/thumbs\/DSC05891-scaled-qoi4g7ozc5d6jqd33dti3mnwww5w7p9mx2h57ff5zs.jpg\" title=\"DSC05891\" alt=\"DSC05891\" \/>\t\t\t\t\t\t\t\t\t\t\t<\/div>\n\t\t\t\t<\/div>\n\t\t\t\t<\/div>\n\t\t\t\t\t\t<\/div>\n\t\t\t\t\t<\/div>\n\t\t<\/div>\n\t\t\t\t<div class=\"elementor-column elementor-col-33 elementor-top-column elementor-element elementor-element-736c72e\" data-id=\"736c72e\" data-element_type=\"column\">\n\t\t\t<div class=\"elementor-column-wrap elementor-element-populated\">\n\t\t\t\t\t\t\t<div class=\"elementor-widget-wrap\">\n\t\t\t\t\t\t<div class=\"elementor-element elementor-element-a468230 elementor-widget elementor-widget-image\" data-id=\"a468230\" data-element_type=\"widget\" data-widget_type=\"image.default\">\n\t\t\t\t<div class=\"elementor-widget-container\">\n\t\t\t\t\t<div class=\"elementor-image\">\n\t\t\t\t\t\t\t\t\t\t<img width=\"578\" height=\"1024\" src=\"http:\/\/erofisioterapiayprevencion.es\/wp-content\/uploads\/2024\/09\/Screenshot-2024-09-12-at-09.35.32-578x1024.png\" class=\"attachment-large size-large\" alt=\"\" loading=\"lazy\" srcset=\"http:\/\/erofisioterapiayprevencion.es\/wp-content\/uploads\/2024\/09\/Screenshot-2024-09-12-at-09.35.32-578x1024.png 578w, http:\/\/erofisioterapiayprevencion.es\/wp-content\/uploads\/2024\/09\/Screenshot-2024-09-12-at-09.35.32-169x300.png 169w, http:\/\/erofisioterapiayprevencion.es\/wp-content\/uploads\/2024\/09\/Screenshot-2024-09-12-at-09.35.32-768x1362.png 768w, http:\/\/erofisioterapiayprevencion.es\/wp-content\/uploads\/2024\/09\/Screenshot-2024-09-12-at-09.35.32-866x1536.png 866w, http:\/\/erofisioterapiayprevencion.es\/wp-content\/uploads\/2024\/09\/Screenshot-2024-09-12-at-09.35.32.png 898w\" sizes=\"(max-width: 578px) 100vw, 578px\" \/>\t\t\t\t\t\t\t\t\t\t\t<\/div>\n\t\t\t\t<\/div>\n\t\t\t\t<\/div>\n\t\t\t\t\t\t<\/div>\n\t\t\t\t\t<\/div>\n\t\t<\/div>\n\t\t\t\t\t\t\t\t<\/div>\n\t\t\t\t\t<\/div>\n\t\t<\/section>\n\t\t\t\t<section class=\"elementor-section elementor-top-section elementor-element elementor-element-9e22e22 elementor-section-boxed elementor-section-height-default elementor-section-height-default\" data-id=\"9e22e22\" data-element_type=\"section\">\n\t\t\t\t\t\t<div class=\"elementor-container elementor-column-gap-default\">\n\t\t\t\t\t\t\t<div class=\"elementor-row\">\n\t\t\t\t\t<div class=\"elementor-column elementor-col-100 elementor-top-column elementor-element elementor-element-ece39f3\" data-id=\"ece39f3\" data-element_type=\"column\">\n\t\t\t<div class=\"elementor-column-wrap elementor-element-populated\">\n\t\t\t\t\t\t\t<div class=\"elementor-widget-wrap\">\n\t\t\t\t\t\t<div class=\"elementor-element elementor-element-e804c85 elementor-widget elementor-widget-spacer\" data-id=\"e804c85\" data-element_type=\"widget\" data-widget_type=\"spacer.default\">\n\t\t\t\t<div class=\"elementor-widget-container\">\n\t\t\t\t\t<div class=\"elementor-spacer\">\n\t\t\t<div class=\"elementor-spacer-inner\"><\/div>\n\t\t<\/div>\n\t\t\t\t<\/div>\n\t\t\t\t<\/div>\n\t\t\t\t\t\t<\/div>\n\t\t\t\t\t<\/div>\n\t\t<\/div>\n\t\t\t\t\t\t\t\t<\/div>\n\t\t\t\t\t<\/div>\n\t\t<\/section>\n\t\t\t\t<section class=\"elementor-section elementor-top-section elementor-element elementor-element-83a5605 elementor-section-boxed elementor-section-height-default elementor-section-height-default\" data-id=\"83a5605\" data-element_type=\"section\">\n\t\t\t\t\t\t<div class=\"elementor-container elementor-column-gap-default\">\n\t\t\t\t\t\t\t<div class=\"elementor-row\">\n\t\t\t\t\t<div class=\"elementor-column elementor-col-100 elementor-top-column elementor-element elementor-element-8b90f55\" data-id=\"8b90f55\" data-element_type=\"column\">\n\t\t\t<div class=\"elementor-column-wrap\">\n\t\t\t\t\t\t\t<div class=\"elementor-widget-wrap\">\n\t\t\t\t\t\t\t\t<\/div>\n\t\t\t\t\t<\/div>\n\t\t<\/div>\n\t\t\t\t\t\t\t\t<\/div>\n\t\t\t\t\t<\/div>\n\t\t<\/section>\n\t\t\t\t\t\t<\/div>\n\t\t\t\t\t\t<\/div>\n\t\t\t\t\t<\/div>\n\t\t","protected":false},"excerpt":{"rendered":"<p>En nuestro centro de fisioterapia, creemos que la prevenci\u00f3n es fundamental para mantener una vida saludable y evitar lesiones. La actividad f\u00edsica, cuando se realiza de manera controlada y personalizada, juega un papel crucial en la prevenci\u00f3n de problemas musculoesquel\u00e9ticos y degenerativos. Por eso, ofrecemos actividades en\u00a0grupos reducidos, donde la atenci\u00f3n personalizada y el seguimiento [&hellip;]<\/p>\n","protected":false},"author":1,"featured_media":0,"parent":0,"menu_order":0,"comment_status":"closed","ping_status":"closed","template":"","meta":[],"_links":{"self":[{"href":"http:\/\/erofisioterapiayprevencion.es\/index.php?rest_route=\/wp\/v2\/pages\/2202"}],"collection":[{"href":"http:\/\/erofisioterapiayprevencion.es\/index.php?rest_route=\/wp\/v2\/pages"}],"about":[{"href":"http:\/\/erofisioterapiayprevencion.es\/index.php?rest_route=\/wp\/v2\/types\/page"}],"author":[{"embeddable":true,"href":"http:\/\/erofisioterapiayprevencion.es\/index.php?rest_route=\/wp\/v2\/users\/1"}],"replies":[{"embeddable":true,"href":"http:\/\/erofisioterapiayprevencion.es\/index.php?rest_route=%2Fwp%2Fv2%2Fcomments&post=2202"}],"version-history":[{"count":13,"href":"http:\/\/erofisioterapiayprevencion.es\/index.php?rest_route=\/wp\/v2\/pages\/2202\/revisions"}],"predecessor-version":[{"id":2318,"href":"http:\/\/erofisioterapiayprevencion.es\/index.php?rest_route=\/wp\/v2\/pages\/2202\/revisions\/2318"}],"wp:attachment":[{"href":"http:\/\/erofisioterapiayprevencion.es\/index.php?rest_route=%2Fwp%2Fv2%2Fmedia&parent=2202"}],"curies":[{"name":"wp","href":"https:\/\/api.w.org\/{rel}","templated":true}]}}