{"id":2073,"date":"2024-09-11T15:37:27","date_gmt":"2024-09-11T15:37:27","guid":{"rendered":"http:\/\/erofisioterapiayprevencion.es\/?page_id=2073"},"modified":"2026-03-30T13:47:28","modified_gmt":"2026-03-30T13:47:28","slug":"psicologia","status":"publish","type":"page","link":"http:\/\/erofisioterapiayprevencion.es\/?page_id=2073","title":{"rendered":"Fisioterapia"},"content":{"rendered":"\t\t<div data-elementor-type=\"wp-page\" data-elementor-id=\"2073\" class=\"elementor elementor-2073\" data-elementor-settings=\"[]\">\n\t\t\t\t\t\t<div class=\"elementor-inner\">\n\t\t\t\t\t\t\t<div class=\"elementor-section-wrap\">\n\t\t\t\t\t\t\t<section class=\"elementor-section elementor-top-section elementor-element elementor-element-6c2841d0 elementor-section-boxed elementor-section-height-default elementor-section-height-default\" data-id=\"6c2841d0\" data-element_type=\"section\">\n\t\t\t\t\t\t<div class=\"elementor-container elementor-column-gap-default\">\n\t\t\t\t\t\t\t<div class=\"elementor-row\">\n\t\t\t\t\t<div class=\"elementor-column elementor-col-100 elementor-top-column elementor-element elementor-element-3f8b3006\" data-id=\"3f8b3006\" data-element_type=\"column\">\n\t\t\t<div class=\"elementor-column-wrap elementor-element-populated\">\n\t\t\t\t\t\t\t<div class=\"elementor-widget-wrap\">\n\t\t\t\t\t\t<div class=\"elementor-element elementor-element-c66a591 elementor-widget elementor-widget-heading\" data-id=\"c66a591\" data-element_type=\"widget\" data-widget_type=\"heading.default\">\n\t\t\t\t<div class=\"elementor-widget-container\">\n\t\t\t<h2 class=\"elementor-heading-title elementor-size-default\">\u00bfQU\u00c9 ES LA FISIOTERAPIA?<\/h2>\t\t<\/div>\n\t\t\t\t<\/div>\n\t\t\t\t<div class=\"elementor-element elementor-element-b998085 elementor-widget elementor-widget-heading\" data-id=\"b998085\" data-element_type=\"widget\" data-widget_type=\"heading.default\">\n\t\t\t\t<div class=\"elementor-widget-container\">\n\t\t\t<h2 class=\"elementor-heading-title elementor-size-default\">Fisioterapia y Prevenci\u00f3n<\/h2>\t\t<\/div>\n\t\t\t\t<\/div>\n\t\t\t\t<div class=\"elementor-element elementor-element-b02c665 elementor-widget elementor-widget-image\" data-id=\"b02c665\" data-element_type=\"widget\" data-widget_type=\"image.default\">\n\t\t\t\t<div class=\"elementor-widget-container\">\n\t\t\t\t\t<div class=\"elementor-image\">\n\t\t\t\t\t\t\t\t\t\t<img src=\"http:\/\/erofisioterapiayprevencion.es\/wp-content\/uploads\/elementor\/thumbs\/PORTADA-STORIES-ERO-rl9t64rcmgr4iaw1i72kkzoy7osnrjww50kathxasg.png\" title=\"PORTADA STORIES ERO\" alt=\"PORTADA STORIES ERO\" \/>\t\t\t\t\t\t\t\t\t\t\t<\/div>\n\t\t\t\t<\/div>\n\t\t\t\t<\/div>\n\t\t\t\t<div class=\"elementor-element elementor-element-195b43c8 elementor-widget elementor-widget-text-editor\" data-id=\"195b43c8\" data-element_type=\"widget\" data-widget_type=\"text-editor.default\">\n\t\t\t\t<div class=\"elementor-widget-container\">\n\t\t\t\t\t<div class=\"elementor-text-editor elementor-clearfix\"><p><!-- wp:quote --><\/p>\n<blockquote>\n<p><em>Tu salud es nuestro bienestar<\/em><\/p>\n<\/blockquote>\n<p><!-- \/wp:quote --><\/p>\n<p><!-- wp:image {\"id\":2076,\"sizeSlug\":\"large\",\"linkDestination\":\"none\"} --><\/p>\n<figure><\/figure>\n<p><!-- \/wp:paragraph --><\/p>\n<p><!-- wp:heading {\"level\":4} --><\/p>\n<h4><strong><span style=\"color: #33b9a8;\">\u00a0<\/span><span style=\"color: #33b9a8; font-size: 1.75rem;\">Fisioterapia<\/span><\/strong><\/h4>\n<p><!-- \/wp:heading --><\/p>\n<p><!-- wp:paragraph --><\/p>\n<p style=\"font-size: 15px; font-style: normal; text-align: left; caret-color: #000000; color: #000000;\">La fisioterapia es una disciplina de la salud que se centra en el\u00a0<strong>tratamiento y prevenci\u00f3n<\/strong>\u00a0de lesiones, dolencias y trastornos f\u00edsicos a trav\u00e9s del uso de t\u00e9cnicas manuales, ejercicios terap\u00e9uticos, electroterapia y otras intervenciones invasivas y no invasivas. Su principal objetivo es mejorar la calidad de vida de los pacientes, ayud\u00e1ndolos a\u00a0<strong>recuperar la movilidad, aliviar el dolor y potenciar su bienestar general.<\/strong><\/p>\n<p style=\"font-size: 15px; font-style: normal; text-align: left; caret-color: #000000; color: #000000;\">En nuestro centro de fisioterapia, comenzamos con una evaluaci\u00f3n personalizada para identificar las necesidades espec\u00edficas de cada paciente. A partir de ah\u00ed, desarrollamos un plan de tratamiento adaptado, que puede incluir:<\/p>\n<ul style=\"text-align: left; caret-color: #000000; color: #000000;\">\n<li><strong>Terapia manual<\/strong>: Masajes, manipulaciones y movilizaciones para mejorar el rango de movimiento y aliviar el dolor.<\/li>\n<li><strong>Ejercicios terap\u00e9uticos<\/strong>: Rutinas de fortalecimiento, estiramientos y reeducaci\u00f3n postural para mejorar la funci\u00f3n muscular y articular.<\/li>\n<li><strong>Electroterapia<\/strong>: Uso de corrientes el\u00e9ctricas y radiofrecuencia INDIBA Active CT9 \u24c7 para estimular la recuperaci\u00f3n.<\/li>\n<li><strong>Vendajes funcionales o neuromusculares<\/strong>: Para dar soporte a las \u00e1reas afectadas sin limitar la movilidad.<\/li>\n<\/ul>\n<p><!-- \/wp:paragraph --><\/p>\n<p><!-- wp:heading {\"level\":4} --><\/p>\n<h4><strong><span style=\"color: #33b9a8;\">Especialidades en fisioterapia<\/span><\/strong><\/h4>\n<p><!-- \/wp:heading --><\/p>\n<p><!-- wp:paragraph --><\/p>\n<ul style=\"text-align: justify;\">\n<li>Traumatolog\u00eda<\/li>\n<li>Deportiva<\/li>\n<li>Suelo p\u00e9lvico<\/li>\n<li>Osteopat\u00eda<\/li>\n<li>Fisioterapia est\u00e9tica<\/li>\n<\/ul>\n<div style=\"text-align: justify;\">\n<p style=\"font-size: 15px; font-style: normal; text-align: start;\"><span style=\"text-align: center;\">\u2728\u00a0<\/span><span style=\"caret-color: #5b5b5b; color: #5b5b5b; font-size: 16.199999px; font-weight: 600; text-align: center; white-space: pre-wrap;\">\u00a1En nuestra consulta! <\/span><span style=\"text-align: center;\">\u2728<\/span><\/p>\n<p style=\"font-size: 15px; font-style: normal; text-align: start;\">Hemos incorporado ecograf\u00eda musculoesquel\u00e9tica, una herramienta que nos permite a los fisioterapeutas ofrecer un diagn\u00f3stico m\u00e1s preciso, valorar mejor tus lesiones y optimizar los tratamientos que realizamos.<\/p>\n<p style=\"font-size: 15px; font-style: normal; text-align: start;\">Gracias a esta tecnolog\u00eda, mejoramos la eficacia de las t\u00e9cnicas invasivas ecoguiadas (como punci\u00f3n seca avanzada o neuromodulaci\u00f3n), aumentando la seguridad y la fiabilidad en cada intervenci\u00f3n.<\/p>\n<p style=\"font-size: 15px; font-style: normal; text-align: start;\">Algunas lesiones que los fisioterapeutas pueden valorar mediante ecograf\u00eda musculoesquel\u00e9tica son:<\/p>\n<ol style=\"text-align: start;\">\n<li>Patolog\u00edas tendinosas y ligamentosas<\/li>\n<li>Patolog\u00edas musculares<\/li>\n<li>Patolog\u00edas articulares<\/li>\n<li>Bursopat\u00edas<\/li>\n<li>Lesiones fasciales<\/li>\n<li>Nervio perif\u00e9rico<\/li>\n<li>Patolog\u00eda \u00f3sea general<\/li>\n<li>Lesiones deportivas generales<\/li>\n<\/ol>\n<p style=\"font-size: 15px; font-style: normal; text-align: start;\">Y otras muchas lesiones.<\/p>\n<p style=\"font-size: 15px; font-style: normal; text-align: start;\">Tu salud merece decisiones basadas en evidencia y en un diagn\u00f3stico certero.<br \/>\ud83d\udd39 Profesionalidad<br \/>\ud83d\udd39 Precisi\u00f3n<br \/>\ud83d\udd39 Tratamientos m\u00e1s efectivos<\/p>\n<p style=\"font-size: 15px; font-style: normal; text-align: start;\">Estamos aqu\u00ed para ayudarte a mejorar de forma segura y especializada.\u00a0<\/p>\n<\/div>\n<p><strong><span style=\"color: #33b9a8; font-family: 'Work Sans'; font-size: 1.75rem;\">Prevenci\u00f3n<\/span><\/strong><\/p>\n<p><!-- \/wp:heading --><\/p>\n<p><!-- wp:paragraph --><\/p>\n<p style=\"font-size: 15px; font-style: normal; text-align: start; caret-color: #000000; color: #000000;\">En nuestro centro, no solo tratamos las lesiones, sino que apostamos firmemente por la\u00a0<strong>prevenci\u00f3n<\/strong>\u00a0como clave para mantener una vida activa y saludable. La prevenci\u00f3n en fisioterapia se enfoca en identificar y corregir desequilibrios o malas posturas que podr\u00edan causar problemas a largo plazo, ense\u00f1ando a los pacientes h\u00e1bitos saludables, ejercicios espec\u00edficos y t\u00e9cnicas de autocuidado que minimizan el riesgo de futuras lesiones.<\/p>\n<p style=\"margin-bottom: 0px; font-size: 15px; font-style: normal; text-align: start; caret-color: #000000; color: #000000;\">Ya sea que necesites rehabilitaci\u00f3n o desees evitar dolencias, la fisioterapia es una herramienta esencial para mejorar tu calidad de vida y prevenir complicaciones futuras.<\/p>\n<p><!-- \/wp:paragraph --><\/p>\n<p><!-- wp:image {\"id\":2078,\"width\":459,\"height\":612,\"sizeSlug\":\"large\",\"linkDestination\":\"none\",\"className\":\"is-style-rounded\"} --><\/p>\n<p><!-- \/wp:image --><\/p>\n<p><!-- wp:paragraph --><\/p>\n<p><!-- \/wp:paragraph --><\/p><\/div>\n\t\t\t\t<\/div>\n\t\t\t\t<\/div>\n\t\t\t\t<div class=\"elementor-element elementor-element-c4268c6 elementor-align-center elementor-widget elementor-widget-button\" data-id=\"c4268c6\" data-element_type=\"widget\" data-widget_type=\"button.default\">\n\t\t\t\t<div class=\"elementor-widget-container\">\n\t\t\t\t\t<div class=\"elementor-button-wrapper\">\n\t\t\t<a href=\"http:\/\/erofisioterapiayprevencion.es\/?page_id=387\" class=\"elementor-button-link elementor-button elementor-size-sm\" role=\"button\">\n\t\t\t\t\t\t<span class=\"elementor-button-content-wrapper\">\n\t\t\t\t\t\t<span class=\"elementor-button-text\">PIDE CITA AQU\u00cd \ud83d\udc48<\/span>\n\t\t<\/span>\n\t\t\t\t\t<\/a>\n\t\t<\/div>\n\t\t\t\t<\/div>\n\t\t\t\t<\/div>\n\t\t\t\t<div class=\"elementor-element elementor-element-b8dda2a elementor-widget elementor-widget-image\" data-id=\"b8dda2a\" data-element_type=\"widget\" data-widget_type=\"image.default\">\n\t\t\t\t<div class=\"elementor-widget-container\">\n\t\t\t\t\t<div class=\"elementor-image\">\n\t\t\t\t\t\t\t\t\t\t<img width=\"724\" height=\"1024\" src=\"http:\/\/erofisioterapiayprevencion.es\/wp-content\/uploads\/2026\/03\/Nuestros-profesionales-2-724x1024.png\" class=\"attachment-large size-large\" alt=\"\" loading=\"lazy\" srcset=\"http:\/\/erofisioterapiayprevencion.es\/wp-content\/uploads\/2026\/03\/Nuestros-profesionales-2-724x1024.png 724w, http:\/\/erofisioterapiayprevencion.es\/wp-content\/uploads\/2026\/03\/Nuestros-profesionales-2-212x300.png 212w, http:\/\/erofisioterapiayprevencion.es\/wp-content\/uploads\/2026\/03\/Nuestros-profesionales-2-768x1086.png 768w, http:\/\/erofisioterapiayprevencion.es\/wp-content\/uploads\/2026\/03\/Nuestros-profesionales-2-1086x1536.png 1086w, http:\/\/erofisioterapiayprevencion.es\/wp-content\/uploads\/2026\/03\/Nuestros-profesionales-2-1448x2048.png 1448w, http:\/\/erofisioterapiayprevencion.es\/wp-content\/uploads\/2026\/03\/Nuestros-profesionales-2.png 1587w\" sizes=\"(max-width: 724px) 100vw, 724px\" \/>\t\t\t\t\t\t\t\t\t\t\t<\/div>\n\t\t\t\t<\/div>\n\t\t\t\t<\/div>\n\t\t\t\t<div class=\"elementor-element elementor-element-b3cdd06 elementor-widget elementor-widget-spacer\" data-id=\"b3cdd06\" data-element_type=\"widget\" data-widget_type=\"spacer.default\">\n\t\t\t\t<div class=\"elementor-widget-container\">\n\t\t\t\t\t<div class=\"elementor-spacer\">\n\t\t\t<div class=\"elementor-spacer-inner\"><\/div>\n\t\t<\/div>\n\t\t\t\t<\/div>\n\t\t\t\t<\/div>\n\t\t\t\t<div class=\"elementor-element elementor-element-f829fb8 elementor-widget elementor-widget-heading\" data-id=\"f829fb8\" data-element_type=\"widget\" data-widget_type=\"heading.default\">\n\t\t\t\t<div class=\"elementor-widget-container\">\n\t\t\t<h2 class=\"elementor-heading-title elementor-size-default\">\u00bfSAB\u00cdAS QUE...<\/h2>\t\t<\/div>\n\t\t\t\t<\/div>\n\t\t\t\t<div class=\"elementor-element elementor-element-18d7ebe elementor-widget elementor-widget-heading\" data-id=\"18d7ebe\" data-element_type=\"widget\" data-widget_type=\"heading.default\">\n\t\t\t\t<div class=\"elementor-widget-container\">\n\t\t\t<h2 class=\"elementor-heading-title elementor-size-default\"><span style=\"margin: 0px 0px 20px; padding: 0px; border: 0px; font-size: 2.25rem; font-weight: 500; outline: 0px; vertical-align: baseline; color: rgb(22, 24, 26); line-height: 1.3; font-family: &quot;Work Sans&quot;; text-align: center; white-space: normal;\"><em><b>EL 80% DE LA POBLACI\u00d3N PADECE PROBLEMAS DE COLUMNA?<\/b><\/em><\/span><\/h2>\t\t<\/div>\n\t\t\t\t<\/div>\n\t\t\t\t<section class=\"elementor-section elementor-inner-section elementor-element elementor-element-5f99f07 elementor-section-boxed elementor-section-height-default elementor-section-height-default\" data-id=\"5f99f07\" data-element_type=\"section\">\n\t\t\t\t\t\t<div class=\"elementor-container elementor-column-gap-default\">\n\t\t\t\t\t\t\t<div class=\"elementor-row\">\n\t\t\t\t\t<div class=\"elementor-column elementor-col-50 elementor-inner-column elementor-element elementor-element-166029f\" data-id=\"166029f\" data-element_type=\"column\">\n\t\t\t<div class=\"elementor-column-wrap elementor-element-populated\">\n\t\t\t\t\t\t\t<div class=\"elementor-widget-wrap\">\n\t\t\t\t\t\t<div class=\"elementor-element elementor-element-62c7f61 elementor-widget elementor-widget-text-editor\" data-id=\"62c7f61\" data-element_type=\"widget\" data-widget_type=\"text-editor.default\">\n\t\t\t\t<div class=\"elementor-widget-container\">\n\t\t\t\t\t<div class=\"elementor-text-editor elementor-clearfix\"><p>Podr\u00edamos decir que el\u00a0<strong>\u201cmal del siglo XXI\u201d es el dolor de espalda,<\/strong>\u00a0ya que el 80% de la poblaci\u00f3n actual padece alg\u00fan tipo de patolog\u00eda referente a la columna vertebral. Esto es debido al ritmo de vida que llevamos d\u00eda tras d\u00eda. Factores como el\u00a0<strong>estr\u00e9s, la fatiga, los problemas cotidianos, el sedentarismo o una mala alimentaci\u00f3n<\/strong>\u00a0influyen en la salud perjudicando nuestra calidad de vida. Adem\u00e1s, los malos h\u00e1bitos posturales incrementan el riesgo de lesi\u00f3n, la provocan o pueden hasta cronificarla.<\/p><\/div>\n\t\t\t\t<\/div>\n\t\t\t\t<\/div>\n\t\t\t\t\t\t<\/div>\n\t\t\t\t\t<\/div>\n\t\t<\/div>\n\t\t\t\t<div class=\"elementor-column elementor-col-50 elementor-inner-column elementor-element elementor-element-786b757\" data-id=\"786b757\" data-element_type=\"column\">\n\t\t\t<div class=\"elementor-column-wrap elementor-element-populated\">\n\t\t\t\t\t\t\t<div class=\"elementor-widget-wrap\">\n\t\t\t\t\t\t<div class=\"elementor-element elementor-element-2c4e17f elementor-widget elementor-widget-text-editor\" data-id=\"2c4e17f\" data-element_type=\"widget\" data-widget_type=\"text-editor.default\">\n\t\t\t\t<div class=\"elementor-widget-container\">\n\t\t\t\t\t<div class=\"elementor-text-editor elementor-clearfix\"><p>En consecuencia, la estructura m\u00e1s perjudicada acaba siendo siempre nuestra espalda. Es por ello que proponemos\u00a0<strong>sesiones dirigidas en grupos reducidos con actividades de \u00a0intensidad media<\/strong>\u00a0que engloban yoga, pilates )suelo, m\u00e1quina y a\u00e9reo), bodybalance&#8230; entre otras, con la finalidad de reducir molestias e incluso prevenirlas, adem\u00e1s de hacernos sentir bien y ganar en calidad de vida.<\/p><\/div>\n\t\t\t\t<\/div>\n\t\t\t\t<\/div>\n\t\t\t\t\t\t<\/div>\n\t\t\t\t\t<\/div>\n\t\t<\/div>\n\t\t\t\t\t\t\t\t<\/div>\n\t\t\t\t\t<\/div>\n\t\t<\/section>\n\t\t\t\t<div class=\"elementor-element elementor-element-e22e38d elementor-widget elementor-widget-text-editor\" data-id=\"e22e38d\" data-element_type=\"widget\" data-widget_type=\"text-editor.default\">\n\t\t\t\t<div class=\"elementor-widget-container\">\n\t\t\t\t\t<div class=\"elementor-text-editor elementor-clearfix\"><p><span style=\"text-align: center;\">En estas clases aprenderemos a \u201crespirar\u201d, trabajaremos con regularidad la faja lumbo \u2013 abdomino \u2013 p\u00e9lvica y mejoraremos el equilibrio y la propiocepci\u00f3n utilizando herramientas desestabilizadoras. Ejercicios de fuerza, de resistencia, de esquema corporal y de concentraci\u00f3n que inciden de manera beneficiosa sobre nuestro cuerpo.<\/span><\/p><\/div>\n\t\t\t\t<\/div>\n\t\t\t\t<\/div>\n\t\t\t\t\t\t<\/div>\n\t\t\t\t\t<\/div>\n\t\t<\/div>\n\t\t\t\t\t\t\t\t<\/div>\n\t\t\t\t\t<\/div>\n\t\t<\/section>\n\t\t\t\t\t\t<\/div>\n\t\t\t\t\t\t<\/div>\n\t\t\t\t\t<\/div>\n\t\t","protected":false},"excerpt":{"rendered":"<p>La importancia de la salud mental en un centro de fisioterapia: un enfoque multidisciplinar \u00abNo se puede desatar un nudo sin saber c\u00f3mo est\u00e1 hecho\u00bb En nuestro centro de fisioterapia y prevenci\u00f3n, nos enorgullece ofrecer un enfoque integral de la salud que va m\u00e1s all\u00e1 del tratamiento f\u00edsico. Entendemos que para lograr un bienestar completo, [&hellip;]<\/p>\n","protected":false},"author":1,"featured_media":0,"parent":0,"menu_order":0,"comment_status":"closed","ping_status":"closed","template":"","meta":[],"_links":{"self":[{"href":"http:\/\/erofisioterapiayprevencion.es\/index.php?rest_route=\/wp\/v2\/pages\/2073"}],"collection":[{"href":"http:\/\/erofisioterapiayprevencion.es\/index.php?rest_route=\/wp\/v2\/pages"}],"about":[{"href":"http:\/\/erofisioterapiayprevencion.es\/index.php?rest_route=\/wp\/v2\/types\/page"}],"author":[{"embeddable":true,"href":"http:\/\/erofisioterapiayprevencion.es\/index.php?rest_route=\/wp\/v2\/users\/1"}],"replies":[{"embeddable":true,"href":"http:\/\/erofisioterapiayprevencion.es\/index.php?rest_route=%2Fwp%2Fv2%2Fcomments&post=2073"}],"version-history":[{"count":25,"href":"http:\/\/erofisioterapiayprevencion.es\/index.php?rest_route=\/wp\/v2\/pages\/2073\/revisions"}],"predecessor-version":[{"id":2753,"href":"http:\/\/erofisioterapiayprevencion.es\/index.php?rest_route=\/wp\/v2\/pages\/2073\/revisions\/2753"}],"wp:attachment":[{"href":"http:\/\/erofisioterapiayprevencion.es\/index.php?rest_route=%2Fwp%2Fv2%2Fmedia&parent=2073"}],"curies":[{"name":"wp","href":"https:\/\/api.w.org\/{rel}","templated":true}]}}